{"id":7,"date":"2017-12-01T20:14:29","date_gmt":"2017-12-01T20:14:29","guid":{"rendered":"https:\/\/parquealmendral.cl\/SanFelipeAconcagua\/?page_id=7"},"modified":"2025-11-01T20:30:52","modified_gmt":"2025-11-01T20:30:52","slug":"inicio","status":"publish","type":"page","link":"https:\/\/parquealmendral.cl\/SanFelipeAconcagua\/","title":{"rendered":"Parque Almendral Informa"},"content":{"rendered":"\n<p class=\"has-black-color has-text-color has-link-color wp-elements-4af6dc672d5e1f1189c32228fecf5ecc wp-block-paragraph\">Nuestro afecto y gratitud a Todas las Familias en este  Dia de todos los Santos 2025<\/p>\n\n\n\n<h2 class=\"wp-block-heading has-white-color has-text-color has-background has-medium-font-size\" style=\"background:linear-gradient(135deg,rgb(122,220,180) 0%,rgb(30,110,80) 100%);font-style:normal;font-weight:400;text-transform:uppercase\"><strong>Indicamos datos de nuestras oficinas.<\/strong><\/h2>\n\n\n\n<p class=\"wp-block-paragraph\">OFICINA PORTUS 1151 (ex 173), Centro de San Felipe.<br><strong>Fono fijo: 34 251 90 12<\/strong><br>LUNES A VIERNES DE 9 A  18 HORAS.<\/p>\n\n\n\n<hr class=\"wp-block-separator has-alpha-channel-opacity is-style-dots\"\/>\n\n\n\n<p class=\"wp-block-paragraph\"><strong>Direccion Parque Cementerio Almendral (La Troya\/El Convento, Sector Almendral)<\/strong><br>Fono celular: +569 877 606 45<br>LUNES A DOMINGO HORARIO DE ATENCION OFICINA: 9 A 18 HORAS.<\/p>\n\n\n\n<hr class=\"wp-block-separator has-text-color has-vivid-green-cyan-color has-alpha-channel-opacity has-vivid-green-cyan-background-color has-background\"\/>\n\n\n\n<div style=\"height:0px\" aria-hidden=\"true\" class=\"wp-block-spacer\"><\/div>\n\n\n\n<h2 class=\"wp-block-heading has-white-color has-vivid-cyan-blue-background-color has-text-color has-background has-medium-font-size\" style=\"font-style:normal;font-weight:400;text-transform:uppercase\">REALICE SU PAGO EXPRESS<\/h2>\n\n\n<div class=\"wp-block-image is-style-rounded\">\n<figure class=\"alignleft size-full\"><img loading=\"lazy\" decoding=\"async\" width=\"300\" height=\"168\" src=\"https:\/\/parquealmendral.cl\/SanFelipeAconcagua\/wp-content\/uploads\/2022\/12\/pagonline.jpg\" alt=\"\" class=\"wp-image-851\"\/><\/figure>\n<\/div>\n\n\n<div class=\"wp-block-buttons is-layout-flex wp-container-core-buttons-is-layout-32c83828 wp-block-buttons-is-layout-flex\">\n<div class=\"wp-block-button has-custom-width wp-block-button__width-50 is-style-outline is-style-outline--1\"><a class=\"wp-block-button__link has-white-color has-vivid-cyan-blue-background-color has-text-color has-background has-link-color has-text-align-center wp-element-button\" href=\"http:\/\/parquealmendral.trytoku.com\" style=\"border-radius:10px;font-style:normal;font-weight:900\" target=\"_blank\" rel=\"noreferrer noopener\">PAGUE AQU\u00cd<\/a><\/div>\n<\/div>\n\n\n\n<p class=\"has-white-color has-text-color has-background has-link-color wp-elements-8e7ce4b670c8abd0ca98a143d03b5d2c wp-block-paragraph\" style=\"background-color:#a0d5f4\"><strong><mark style=\"background-color:rgba(0, 0, 0, 0)\" class=\"has-inline-color has-white-color\">Plataforma segura de pago Online<\/mark><\/strong><\/p>\n\n\n\n<hr class=\"wp-block-separator has-alpha-channel-opacity\"\/>\n\n\n\n<figure class=\"wp-block-gallery has-nested-images columns-default is-cropped wp-block-gallery-2 is-layout-flex wp-block-gallery-is-layout-flex\">\n<figure class=\"wp-block-image size-large\"><img loading=\"lazy\" decoding=\"async\" width=\"1024\" height=\"768\" data-id=\"535\" src=\"https:\/\/parquealmendral.cl\/SanFelipeAconcagua\/wp-content\/uploads\/2020\/03\/IMG_5214-1024x768.jpg\" alt=\"\" class=\"wp-image-535\" srcset=\"https:\/\/parquealmendral.cl\/SanFelipeAconcagua\/wp-content\/uploads\/2020\/03\/IMG_5214-1024x768.jpg 1024w, https:\/\/parquealmendral.cl\/SanFelipeAconcagua\/wp-content\/uploads\/2020\/03\/IMG_5214-300x225.jpg 300w, https:\/\/parquealmendral.cl\/SanFelipeAconcagua\/wp-content\/uploads\/2020\/03\/IMG_5214-768x576.jpg 768w, https:\/\/parquealmendral.cl\/SanFelipeAconcagua\/wp-content\/uploads\/2020\/03\/IMG_5214-1536x1152.jpg 1536w, https:\/\/parquealmendral.cl\/SanFelipeAconcagua\/wp-content\/uploads\/2020\/03\/IMG_5214-2048x1536.jpg 2048w\" sizes=\"auto, (max-width: 1024px) 100vw, 1024px\" \/><\/figure>\n\n\n\n<figure class=\"wp-block-image size-full\"><img loading=\"lazy\" decoding=\"async\" width=\"761\" height=\"427\" data-id=\"1184\" src=\"https:\/\/parquealmendral.cl\/SanFelipeAconcagua\/wp-content\/uploads\/2017\/12\/WEB-01NOV-10.png\" alt=\"\" class=\"wp-image-1184\" srcset=\"https:\/\/parquealmendral.cl\/SanFelipeAconcagua\/wp-content\/uploads\/2017\/12\/WEB-01NOV-10.png 761w, https:\/\/parquealmendral.cl\/SanFelipeAconcagua\/wp-content\/uploads\/2017\/12\/WEB-01NOV-10-300x168.png 300w\" sizes=\"auto, (max-width: 761px) 100vw, 761px\" \/><\/figure>\n\n\n\n<figure class=\"wp-block-image size-full\"><img loading=\"lazy\" decoding=\"async\" width=\"968\" height=\"543\" data-id=\"1183\" src=\"https:\/\/parquealmendral.cl\/SanFelipeAconcagua\/wp-content\/uploads\/2025\/11\/PORTADAWEB-01NOV.png\" alt=\"\" class=\"wp-image-1183\" srcset=\"https:\/\/parquealmendral.cl\/SanFelipeAconcagua\/wp-content\/uploads\/2025\/11\/PORTADAWEB-01NOV.png 968w, https:\/\/parquealmendral.cl\/SanFelipeAconcagua\/wp-content\/uploads\/2025\/11\/PORTADAWEB-01NOV-300x168.png 300w, https:\/\/parquealmendral.cl\/SanFelipeAconcagua\/wp-content\/uploads\/2025\/11\/PORTADAWEB-01NOV-768x431.png 768w\" sizes=\"auto, (max-width: 968px) 100vw, 968px\" \/><\/figure>\n\n\n\n<figure class=\"wp-block-image size-large\"><img loading=\"lazy\" decoding=\"async\" width=\"400\" height=\"300\" data-id=\"746\" src=\"https:\/\/parquealmendral.cl\/SanFelipeAconcagua\/wp-content\/uploads\/2020\/11\/IMG_5266.resized.jpg\" alt=\"\" class=\"wp-image-746\" srcset=\"https:\/\/parquealmendral.cl\/SanFelipeAconcagua\/wp-content\/uploads\/2020\/11\/IMG_5266.resized.jpg 400w, https:\/\/parquealmendral.cl\/SanFelipeAconcagua\/wp-content\/uploads\/2020\/11\/IMG_5266.resized-300x225.jpg 300w\" sizes=\"auto, (max-width: 400px) 100vw, 400px\" \/><\/figure>\n\n\n\n<figure class=\"wp-block-image size-full is-style-default\"><img loading=\"lazy\" decoding=\"async\" width=\"840\" height=\"471\" data-id=\"1186\" src=\"https:\/\/parquealmendral.cl\/SanFelipeAconcagua\/wp-content\/uploads\/2017\/12\/01NOV-11.png\" alt=\"\" class=\"wp-image-1186\" srcset=\"https:\/\/parquealmendral.cl\/SanFelipeAconcagua\/wp-content\/uploads\/2017\/12\/01NOV-11.png 840w, https:\/\/parquealmendral.cl\/SanFelipeAconcagua\/wp-content\/uploads\/2017\/12\/01NOV-11-300x168.png 300w, https:\/\/parquealmendral.cl\/SanFelipeAconcagua\/wp-content\/uploads\/2017\/12\/01NOV-11-768x431.png 768w\" sizes=\"auto, (max-width: 840px) 100vw, 840px\" \/><\/figure>\n\n\n\n<figure class=\"wp-block-image size-large\"><img loading=\"lazy\" decoding=\"async\" width=\"1024\" height=\"426\" data-id=\"619\" src=\"https:\/\/parquealmendral.cl\/SanFelipeAconcagua\/wp-content\/uploads\/2018\/10\/cropped-base_aligne_01_POLLUELO-PARQUEALMENDRAL-2-1024x426.jpg\" alt=\"\" class=\"wp-image-619\" srcset=\"https:\/\/parquealmendral.cl\/SanFelipeAconcagua\/wp-content\/uploads\/2018\/10\/cropped-base_aligne_01_POLLUELO-PARQUEALMENDRAL-2-1024x426.jpg 1024w, https:\/\/parquealmendral.cl\/SanFelipeAconcagua\/wp-content\/uploads\/2018\/10\/cropped-base_aligne_01_POLLUELO-PARQUEALMENDRAL-2-300x125.jpg 300w, https:\/\/parquealmendral.cl\/SanFelipeAconcagua\/wp-content\/uploads\/2018\/10\/cropped-base_aligne_01_POLLUELO-PARQUEALMENDRAL-2-768x320.jpg 768w, https:\/\/parquealmendral.cl\/SanFelipeAconcagua\/wp-content\/uploads\/2018\/10\/cropped-base_aligne_01_POLLUELO-PARQUEALMENDRAL-2.jpg 1026w\" sizes=\"auto, (max-width: 1024px) 100vw, 1024px\" \/><\/figure>\n<\/figure>\n\n\n\n<p class=\"wp-block-paragraph\" style=\"font-size:3px\"><a name=\"comunicado\" id=\"a\"><\/a><\/p>\n\n\n\n<div style=\"height:62px\" aria-hidden=\"true\" class=\"wp-block-spacer\"><\/div>\n\n\n\n<hr class=\"wp-block-separator has-alpha-channel-opacity\"\/>\n\n\n\n<p class=\"has-text-align-center wp-block-paragraph\"><strong>INFORMACION<\/strong><\/p>\n\n\n\n<p class=\"wp-block-paragraph\"><strong>Estimados clientes por disposici\u00f3n de la Seremi de Salud de Valpara\u00edso informamos las prohibiciones que nos indica en la RESOLUCI\u00d3N EXENTA CP <\/strong>N\u00b0 13294 \/ 2024 para los Cementerios.<\/p>\n\n\n\n<p class=\"wp-block-paragraph\">A continuaci\u00f3n, un extracto de esta:<\/p>\n\n\n\n<p class=\"wp-block-paragraph\">\u201c<strong>PROH\u00cdBASE <\/strong>en los cementerios de las Provincias de Los Andes y de San Felipe de la Regi\u00f3n de Valpara\u00edso, el uso de agua en floreros o cualquier tipo de recipiente que no posea cierre herm\u00e9tico, siendo reemplazada por arena h\u00fameda o bloques de espuma oasis. Los administradores de los respectivos cementerios ser\u00e1n responsables del cumplimiento de la presente medida.<\/p>\n\n\n\n<p class=\"wp-block-paragraph\"><strong>OBL\u00cdGUESE <\/strong>a los cementerios, mediante sus administradores, al desmalezado y eliminaci\u00f3n de los floreros y todo recipiente susceptibles de acumulaci\u00f3n de agua que puedan ser potencialmente criaderos para Aedes aegypti.\u201d<\/p>\n\n\n\n<p class=\"wp-block-paragraph\">Por dicha menci\u00f3n Cementerio Parque&#8230;<\/p>\n\n\n\n<div style=\"height:23px\" aria-hidden=\"true\" class=\"wp-block-spacer\"><\/div>\n\n\n\n<blockquote class=\"wp-block-quote is-style-default has-medium-font-size is-layout-flow wp-block-quote-is-layout-flow\" style=\"font-style:normal;font-weight:400\">\n<ul class=\"wp-block-list\">\n<li><mark style=\"background-color:rgba(0, 0, 0, 0)\" class=\"has-inline-color has-cyan-bluish-gray-color\">Ref.-<\/mark> Protocolo de acci\u00f3n y seguridad sanitaria Covid 19.<\/li>\n<\/ul>\n<\/blockquote>\n\n\n\n<p class=\"has-text-color wp-block-paragraph\" style=\"color:#0ba96f\"><strong>Todo el Parque Cementerio ha sido sanitizado, y cumplidos los requisitos para la seguridad de las personas.<\/strong><\/p>\n\n\n\n<p class=\"wp-block-paragraph\">Debido a disposiciones solicitadas por la autoridad sanitaria y en orden a minimizar efectos y riesgos asociados, Parque Almendral solicita no instalar flores artificiales u objetos posibles de ser vectores de contagio, nunca esta de mas minimizar los riesgos. Por disposicion&nbsp;sanitaria todos los arreglos artificiales seran&nbsp;retirados con oportunidad de corte de pasto programado para los dias&nbsp;jueves de cada semana.<\/p>\n\n\n\n<p class=\"wp-block-paragraph\">Cualquier nueva informaci\u00f3n ser\u00e1 publicada via nuestros canales de comunicacion,&nbsp;<a rel=\"noreferrer noopener\" href=\"http:\/\/www.parquealmendral.cl\/\" target=\"_blank\">www.ParqueAlmendral.cl<\/a>&nbsp;y nuestras redes sociales.<br><\/p>\n\n\n\n<hr class=\"wp-block-separator has-css-opacity\"\/>\n\n\n<ul class=\"social-icons-lists icons-background-square\">\n\n\t\t\t\n\t\t\t\t<li class=\"social-icons-list-item\">\n\t\t\t\t\t<a href=\"https:\/\/facebook.com\/parquecementerio.almendral\" target=\"_blank\"  class=\"social-icon\">\n\t\t\t\t\t\t<span class=\"socicon socicon-facebook\" style=\"padding: 10px; font-size: 37px; background-color: #3e5b98\"><\/span>\n\n\t\t\t\t\t\t\t\t\t\t\t<\/a>\n\t\t\t\t<\/li>\n\n\t\t\t\n\t\t\t\t<li class=\"social-icons-list-item\">\n\t\t\t\t\t<a href=\"https:\/\/www.instagram.com\/parquealmendral\/?hl=es\" target=\"_blank\"  class=\"social-icon\">\n\t\t\t\t\t\t<span class=\"socicon socicon-instagram\" style=\"padding: 10px; font-size: 37px; background-color: #9c7c6e\"><\/span>\n\n\t\t\t\t\t\t\t\t\t\t\t<\/a>\n\t\t\t\t<\/li>\n\n\t\t\t\n\t\t<\/ul>\n","protected":false},"excerpt":{"rendered":"<p>Nuestro afecto y gratitud a Todas las Familias en este Dia de todos los Santos 2025 Indicamos datos de nuestras oficinas. OFICINA PORTUS 1151 (ex 173), Centro de San Felipe.Fono fijo: 34 251 90 12LUNES A VIERNES DE 9 A 18 HORAS. Direccion Parque Cementerio Almendral (La Troya\/El Convento, Sector Almendral)Fono celular: +569 877 606&hellip; <br \/> <a class=\"button small blue\" href=\"https:\/\/parquealmendral.cl\/SanFelipeAconcagua\/\">Leer m\u00e1s<\/a><\/p>\n","protected":false},"author":1,"featured_media":0,"parent":0,"menu_order":0,"comment_status":"closed","ping_status":"closed","template":"page-templates\/homepage.php","meta":{"_crdt_document":"","footnotes":""},"class_list":["post-7","page","type-page","status-publish","hentry"],"_links":{"self":[{"href":"https:\/\/parquealmendral.cl\/SanFelipeAconcagua\/wp-json\/wp\/v2\/pages\/7","targetHints":{"allow":["GET"]}}],"collection":[{"href":"https:\/\/parquealmendral.cl\/SanFelipeAconcagua\/wp-json\/wp\/v2\/pages"}],"about":[{"href":"https:\/\/parquealmendral.cl\/SanFelipeAconcagua\/wp-json\/wp\/v2\/types\/page"}],"author":[{"embeddable":true,"href":"https:\/\/parquealmendral.cl\/SanFelipeAconcagua\/wp-json\/wp\/v2\/users\/1"}],"replies":[{"embeddable":true,"href":"https:\/\/parquealmendral.cl\/SanFelipeAconcagua\/wp-json\/wp\/v2\/comments?post=7"}],"version-history":[{"count":198,"href":"https:\/\/parquealmendral.cl\/SanFelipeAconcagua\/wp-json\/wp\/v2\/pages\/7\/revisions"}],"predecessor-version":[{"id":1191,"href":"https:\/\/parquealmendral.cl\/SanFelipeAconcagua\/wp-json\/wp\/v2\/pages\/7\/revisions\/1191"}],"wp:attachment":[{"href":"https:\/\/parquealmendral.cl\/SanFelipeAconcagua\/wp-json\/wp\/v2\/media?parent=7"}],"curies":[{"name":"wp","href":"https:\/\/api.w.org\/{rel}","templated":true}]}}